{"id":332,"date":"2021-12-16T17:00:01","date_gmt":"2021-12-16T17:00:01","guid":{"rendered":"https:\/\/chara-umzuege.de\/?page_id=332"},"modified":"2021-12-17T15:49:49","modified_gmt":"2021-12-17T15:49:49","slug":"impressum","status":"publish","type":"page","link":"https:\/\/chara-umzuege.de\/?page_id=332","title":{"rendered":"Impressum"},"content":{"rendered":"<div>\n<h1 class=\"adsimple-321901109\">Impressum<\/h1>\n<p class=\"adsimple-321901109\">Informationspflicht laut \u00a75 E-Commerce Gesetz, \u00a714 Unternehmensgesetzbuch, \u00a763 Gewerbeordnung und Offenlegungspflicht laut \u00a725 Mediengesetz.<\/p>\n<p class=\"adsimple-321901109\">Radoslaw Chara<br \/>Landeskronstra\u00dfe 55, ,<br \/>02826 G\u00f6rlitz,<br \/>Deutschland<\/p>\n<p class=\"adsimple-321901109\"><strong>UID-Nummer:<\/strong><span>\u00a0<\/span>DE333850012<\/p>\n<p class=\"adsimple-321901109\"><strong>Tel.:<\/strong><span> 01578 1920605<\/span><br \/><strong>Fax:<\/strong><br \/><strong>E-Mail:<\/strong><span>\u00a0<\/span><a href=\"mailto:info@chara-umzuege.de\">info@chara-umzuege.de<\/a><\/p>\n<p class=\"adsimple-321901109\"><strong>Aufsichtsbeh\u00f6rde<\/strong><br \/>Amtsgericht G\u00f6rlitz<br \/><strong>Anschrift der Aufsichtsbeh\u00f6rde<\/strong><br \/>Postplatz 18, 02826 G\u00f6rlitz<\/p>\n<p class=\"adsimple-321901109\"><strong>Kontaktdaten des Verantwortlichen f\u00fcr Datenschutz<\/strong><br \/>Sollten Sie Fragen zum Datenschutz haben, finden Sie nachfolgend die Kontaktdaten der verantwortlichen Person bzw. Stelle:<br \/>Rados\u0142aw Grzegorz Chara<br \/>Landeskronstra\u00dfe 55<br \/>02826 G\u00f6rlitz<br \/>Vertretungsberechtigt: Rados\u0142aw Grzegorz Chara<br \/>E-Mail-Adresse:<span> <a href=\"mailto:info@chara-umzuege.de\">info@chara-umzuege.de<\/a><\/span><br \/>Telefon: 01234\/56789<br \/>Impressum:<span>\u00a0<\/span><a href=\"https:\/\/chara-umzuege.de\/impressum\/\" target=\"_self\" rel=\"noopener\">https:\/\/chara-umzuege.de\/impressum\/<\/a><\/p>\n<\/div>\n<p><!--more--><br \/>\n<!-- {\"type\":\"layout\",\"children\":[{\"type\":\"section\",\"props\":{\"style\":\"default\",\"width\":\"default\",\"vertical_align\":\"middle\",\"title_position\":\"top-left\",\"title_rotation\":\"left\",\"title_breakpoint\":\"xl\",\"image_position\":\"center-center\"},\"children\":[{\"type\":\"row\",\"children\":[{\"type\":\"column\",\"props\":{\"image_position\":\"center-center\",\"media_overlay_gradient\":\"\"},\"children\":[{\"type\":\"text\",\"props\":{\"margin\":\"default\",\"column_breakpoint\":\"m\",\"content\":\"\n\n<h1 class=\\\"adsimple-321901109\\\">Impressum<\\\/h1>\\n\n\n<p class=\\\"adsimple-321901109\\\">Informationspflicht laut \\u00a75 E-Commerce Gesetz, \\u00a714 Unternehmensgesetzbuch, \\u00a763 Gewerbeordnung und Offenlegungspflicht laut \\u00a725 Mediengesetz.<\\\/p>\\n\n\n<p class=\\\"adsimple-321901109\\\">Radoslaw Chara<br \\\/>Landeskronstra\\u00dfe 55, ,<br \\\/>02826 G\\u00f6rlitz,<br \\\/>Deutschland<\\\/p>\\n\n\n<p class=\\\"adsimple-321901109\\\"><strong>UID-Nummer:<\\\/strong><span>\\u00a0<\\\/span>DE333850012<\\\/p>\\n\n\n<p class=\\\"adsimple-321901109\\\"><strong>Tel.:<\\\/strong><span> 01578 1920605<\\\/span><br \\\/><strong>Fax:<\\\/strong><br \\\/><strong>E-Mail:<\\\/strong><span>\\u00a0<\\\/span><a href=\\\"mailto:info@chara-umzuege.de\\\">info@chara-umzuege.de<\\\/a><\\\/p>\\n\n\n<p class=\\\"adsimple-321901109\\\"><strong>Aufsichtsbeh\\u00f6rde<\\\/strong><br \\\/>Amtsgericht G\\u00f6rlitz<br \\\/><strong>Anschrift der Aufsichtsbeh\\u00f6rde<\\\/strong><br \\\/>Postplatz 18, 02826 G\\u00f6rlitz<\\\/p>\\n\n\n<p class=\\\"adsimple-321901109\\\"><strong>Kontaktdaten des Verantwortlichen f\\u00fcr Datenschutz<\\\/strong><br \\\/>Sollten Sie Fragen zum Datenschutz haben, finden Sie nachfolgend die Kontaktdaten der verantwortlichen Person bzw. Stelle:<br \\\/>Rados\\u0142aw Grzegorz Chara<br \\\/>Landeskronstra\\u00dfe 55<br \\\/>02826 G\\u00f6rlitz<br \\\/>Vertretungsberechtigt: Rados\\u0142aw Grzegorz Chara<br \\\/>E-Mail-Adresse:<span> <a href=\\\"mailto:info@chara-umzuege.de\\\">info@chara-umzuege.de<\\\/a><\\\/span><br \\\/>Telefon: 01234\\\/56789<br \\\/>Impressum:<span>\\u00a0<\\\/span><a href=\\\"https:\\\/\\\/chara-umzuege.de\\\/impressum\\\/\\\" target=\\\"_self\\\" rel=\\\"noopener\\\">https:\\\/\\\/chara-umzuege.de\\\/impressum\\\/<\\\/a><\\\/p>\"}}]}]}]}],\"version\":\"2.6.9\"} --><\/p>\n","protected":false},"excerpt":{"rendered":"<p>Impressum Informationspflicht laut \u00a75 E-Commerce Gesetz, \u00a714 Unternehmensgesetzbuch, \u00a763 Gewerbeordnung und Offenlegungspflicht laut \u00a725 Mediengesetz. Radoslaw CharaLandeskronstra\u00dfe 55, ,02826 G\u00f6rlitz,Deutschland UID-Nummer:\u00a0DE333850012 Tel.: 01578 1920605Fax:E-Mail:\u00a0info@chara-umzuege.de Aufsichtsbeh\u00f6rdeAmtsgericht G\u00f6rlitzAnschrift der Aufsichtsbeh\u00f6rdePostplatz 18, 02826 G\u00f6rlitz Kontaktdaten des Verantwortlichen f\u00fcr DatenschutzSollten Sie Fragen zum Datenschutz haben, finden Sie nachfolgend die Kontaktdaten der verantwortlichen Person bzw. Stelle:Rados\u0142aw Grzegorz CharaLandeskronstra\u00dfe 5502826 G\u00f6rlitzVertretungsberechtigt: [&hellip;]<\/p>\n","protected":false},"author":1,"featured_media":0,"parent":0,"menu_order":0,"comment_status":"closed","ping_status":"closed","template":"","meta":{"footnotes":""},"class_list":["post-332","page","type-page","status-publish","hentry"],"_links":{"self":[{"href":"https:\/\/chara-umzuege.de\/index.php?rest_route=\/wp\/v2\/pages\/332","targetHints":{"allow":["GET"]}}],"collection":[{"href":"https:\/\/chara-umzuege.de\/index.php?rest_route=\/wp\/v2\/pages"}],"about":[{"href":"https:\/\/chara-umzuege.de\/index.php?rest_route=\/wp\/v2\/types\/page"}],"author":[{"embeddable":true,"href":"https:\/\/chara-umzuege.de\/index.php?rest_route=\/wp\/v2\/users\/1"}],"replies":[{"embeddable":true,"href":"https:\/\/chara-umzuege.de\/index.php?rest_route=%2Fwp%2Fv2%2Fcomments&post=332"}],"version-history":[{"count":4,"href":"https:\/\/chara-umzuege.de\/index.php?rest_route=\/wp\/v2\/pages\/332\/revisions"}],"predecessor-version":[{"id":338,"href":"https:\/\/chara-umzuege.de\/index.php?rest_route=\/wp\/v2\/pages\/332\/revisions\/338"}],"wp:attachment":[{"href":"https:\/\/chara-umzuege.de\/index.php?rest_route=%2Fwp%2Fv2%2Fmedia&parent=332"}],"curies":[{"name":"wp","href":"https:\/\/api.w.org\/{rel}","templated":true}]}}