{"id":602,"date":"2022-02-06T15:47:10","date_gmt":"2022-02-06T15:47:10","guid":{"rendered":"https:\/\/chara-umzuege.de\/?page_id=602"},"modified":"2022-02-07T19:31:01","modified_gmt":"2022-02-07T19:31:01","slug":"niedersachsen","status":"publish","type":"page","link":"https:\/\/chara-umzuege.de\/?page_id=602","title":{"rendered":"Niedersachsen\u00a0"},"content":{"rendered":"<h1>Ihr kostenloses und unverbindliches Umzugsangebot<\/h1>\n<div>\n\n<div class=\"wpcf7 no-js\" id=\"wpcf7-f26-o1\" lang=\"de-DE\" dir=\"ltr\" data-wpcf7-id=\"26\">\n<div class=\"screen-reader-response\"><p role=\"status\" aria-live=\"polite\" aria-atomic=\"true\"><\/p> <ul><\/ul><\/div>\n<form action=\"\/index.php?rest_route=%2Fwp%2Fv2%2Fpages%2F602#wpcf7-f26-o1\" method=\"post\" class=\"wpcf7-form init\" aria-label=\"Kontaktformular\" novalidate=\"novalidate\" data-status=\"init\">\n<fieldset class=\"hidden-fields-container\"><input type=\"hidden\" name=\"_wpcf7\" value=\"26\" \/><input type=\"hidden\" name=\"_wpcf7_version\" value=\"6.1.5\" \/><input type=\"hidden\" name=\"_wpcf7_locale\" value=\"de_DE\" \/><input type=\"hidden\" name=\"_wpcf7_unit_tag\" value=\"wpcf7-f26-o1\" \/><input type=\"hidden\" name=\"_wpcf7_container_post\" value=\"0\" \/><input type=\"hidden\" name=\"_wpcf7_posted_data_hash\" value=\"\" \/><input type=\"hidden\" name=\"_wpcf7_recaptcha_response\" value=\"\" \/>\n<\/fieldset>\n<div class=\"uk-margin uk-text-lead\">\n\t<p>Auszugadresse<br \/>\n      \n        <div class=\"wpcf7-form-control-wrap-main gmautocomplete-750\">\n\t\t\t<span class=\"wpcf7-form-control-wrap\" data-name=\"gmautocomplete-750\">\n    <div id=\"gmautocomplete-750_autocomplete_wrapper\"><\/div>\n    <input \n        size=\"40\" class=\"wpcf7-form-control wpcf7-gmautocomplete wpcf7-validates-as-required gmautocomplete uk-input\" aria-required=\"true\" aria-invalid=\"false\" placeholder=\"Enter a location\" type=\"text\" name=\"gmautocomplete-750\"        style=\"position:absolute;opacity:0;pointer-events:none;height:0;width:0;border:0;padding:0;\"\n        autocomplete=\"off\"\n    \/>\n    <\/span>\n\n\t\t\t\n\t\t\t\n\t\t\t\n\t\t\t\n\t\t\t\n\t\t\t\t\t<\/div>\n\n        \n\t<\/p>\n<\/div>\n<div class=\"uk-margin  uk-text-lead\">\n\t<p>Einzugsadresse<br \/>\n      \n        <div class=\"wpcf7-form-control-wrap-main gmautocomplete-693\">\n\t\t\t<span class=\"wpcf7-form-control-wrap\" data-name=\"gmautocomplete-693\">\n    <div id=\"gmautocomplete-693_autocomplete_wrapper\"><\/div>\n    <input \n        size=\"40\" class=\"wpcf7-form-control wpcf7-gmautocomplete wpcf7-validates-as-required gmautocomplete uk-input\" aria-required=\"true\" aria-invalid=\"false\" placeholder=\"Enter a location\" type=\"text\" name=\"gmautocomplete-693\"        style=\"position:absolute;opacity:0;pointer-events:none;height:0;width:0;border:0;padding:0;\"\n        autocomplete=\"off\"\n    \/>\n    <\/span>\n\n\t\t\t\n\t\t\t\n\t\t\t\n\t\t\t\n\t\t\t\n\t\t\t\t\t<\/div>\n\n        \n\t<\/p>\n<\/div>\n<div class=\"uk-margin  uk-text-lead\">\n\t<p>Umzugsdatum<br \/>\n<span class=\"wpcf7-form-control-wrap\" data-name=\"date-595\"><input class=\"wpcf7-form-control wpcf7-date wpcf7-validates-as-required wpcf7-validates-as-date uk-input\" min=\"2021-10-14\" aria-required=\"true\" aria-invalid=\"false\" placeholder=\"Umzugdatum\" value=\"\" type=\"date\" name=\"date-595\" \/><\/span>\n\t<\/p>\n<\/div>\n<div class=\"uk-margin uk-text-right uk-text-lead\">\n\t<p><span class=\"wpcf7-form-control-wrap\" data-name=\"checkbox-174\"><span class=\"wpcf7-form-control wpcf7-checkbox\"><span class=\"wpcf7-list-item first last\"><label><span class=\"wpcf7-list-item-label\">Flexibles Umzugsdatum<\/span><input type=\"checkbox\" name=\"checkbox-174[]\" value=\"Flexibles Umzugsdatum\" \/><\/label><\/span><\/span><\/span>?\n\t<\/p>\n<\/div>\n<div class=\"uk-margin  uk-text-lead\">\n\t<p><span class=\"wpcf7-form-control-wrap\" data-name=\"text-907\"><input size=\"40\" maxlength=\"400\" class=\"wpcf7-form-control wpcf7-text wpcf7-validates-as-required uk-input\" aria-required=\"true\" aria-invalid=\"false\" placeholder=\"Ihre Name\" value=\"\" type=\"text\" name=\"text-907\" \/><\/span>\n\t<\/p>\n\t<div class=\"uk-margin  uk-text-lead\">\n\t\t<p><span class=\"wpcf7-form-control-wrap\" data-name=\"your-email\"><input size=\"40\" maxlength=\"400\" class=\"wpcf7-form-control wpcf7-email wpcf7-validates-as-required wpcf7-text wpcf7-validates-as-email uk-input\" aria-required=\"true\" aria-invalid=\"false\" placeholder=\"E-mail:\" value=\"\" type=\"email\" name=\"your-email\" \/><\/span>\n\t\t<\/p>\n\t<\/div>\n\t<div class=\"uk-margin   uk-text-lead\">\n\t\t<p><span class=\"wpcf7-form-control-wrap\" data-name=\"tel-946\"><input size=\"40\" maxlength=\"400\" class=\"wpcf7-form-control wpcf7-tel wpcf7-validates-as-required wpcf7-text wpcf7-validates-as-tel uk-input\" aria-required=\"true\" aria-invalid=\"false\" placeholder=\"Telefonnummer:\" value=\"\" type=\"tel\" name=\"tel-946\" \/><\/span>\n\t\t<\/p>\n\t<\/div>\n\t<div class=\"uk-margin\">\n\t\t<p><span class=\"wpcf7-form-control-wrap\" data-name=\"acceptance-857\"><span class=\"wpcf7-form-control wpcf7-acceptance\"><span class=\"wpcf7-list-item\"><label><input type=\"checkbox\" name=\"acceptance-857\" value=\"1\" aria-invalid=\"false\" \/><span class=\"wpcf7-list-item-label\">Indem Sie ihre Anfrage abschicken stimmen Sie unseren Datenschutzrichtlinien zu.<\/span><\/label><\/span><\/span><\/span>\n\t\t<\/p>\n\t<\/div>\n\t<div class=\"uk-secondary uk-text-contrast uk-text-lead\" style=\"color: #000;\" >\n\t\t<div class=\"uk-hidden\">\n\t\t\t<p>[_remote_ip]\n\t\t\t<\/p>\n\t\t<\/div>\n\t\t<p><input class=\"wpcf7-form-control wpcf7-submit has-spinner uk-button\" type=\"submit\" value=\"Kostenloses Angebot erhalten\" \/>\n\t\t<\/p>\n\t<\/div>\n<\/div><div class=\"wpcf7-response-output\" aria-hidden=\"true\"><\/div>\n<\/form>\n<\/div>\n<\/div>\n<h1>Sie planen einen Umzug nach\/in Niedersachsen ? &#8211;  <\/h1>\n<div>\n<p>Dann sollten Sie sich einen verl\u00e4sslichen Partner an die Seite holen, der Ihr Vorhaben reibungslos abwickelt. Wie gut, dass Sie zu uns gefunden haben! Unsere erfahrenen, tatkr\u00e4ftigen Mitarbeiter f\u00fchren Ihren Umzug in Bayrischen Landeshauptstadt <strong> <\/strong> zu Ihrer kompletten Zufriedenheit durch. Vertrauen Sie dabei auf unsere langj\u00e4hrige Erfahrung als Umzugsfirma f\u00fcr private und gewerbliche Kunden!<\/p>\n<\/div>\n<ul>\n<li>\n<div>bietet kompetentes, diskretes und freundliches Personal, das sorgf\u00e4ltig mit Ihrem Hab und Gut umgeht.\n<\/div>\n<\/li>\n<li>\n<div>arbeitet nicht von der Stange, sondern organisiert Ihren Umzug Ma\u00df geschneidert: auf W\u00fcnsche wird ganz individuell auf die Umzugs-Anforderungen unserer Kunden eingegangen<\/div>\n<\/li>\n<li>\n<div>hat ein unschlagbares gutes Preis und Leistung<\/div>\n<\/li>\n<\/ul>\n<div>\n<h3><strong>Verpackungsmaterialien-Umzugsmaterialen..?<\/strong><\/h3>\n<p>Wir bieten Ihnen alle Verpackungsmaterialien, die Sie f\u00fcr einen sicheren Umzug Ihrer G\u00fcter ben\u00f6tigen an: Umzugskartons, B\u00fccherkartons, Seidenpapier, Klebeb\u00e4nder, Luftpolsterfolien, Matratzenh\u00fcllen, Umzugsdecken.<\/p>\n<\/div>\n<ul>\n<li>\n<h3>Umzugspaket I<\/h3>\n<p>(1 bis 2-Zimmer-Wohnung)<\/p>\n<div>\n<ul>\n<li>20 Umzugskartons (Profi)<\/li>\n<li>1 Rolle Klebeband<\/li>\n<li>1 Rolle Luftpolsterfolie<\/li>\n<li>1 kg Packseide<\/li>\n<li>Matratzenh\u00fcllen<\/li>\n<\/ul>\n<\/div>\n<\/li>\n<li>\n<h3>Umzugspaket II<\/h3>\n<p>(2 bis 3-Zimmer-Wohnung)<\/p>\n<div>\n<ul>\n<li>40 Umzugskartons (Profi)<\/li>\n<li>1 Rolle Klebeband<\/li>\n<li>2 Rollen Luftpolsterfolie<\/li>\n<li>2 kg Packseide<\/li>\n<li>Matratzenh\u00fcllen<\/li>\n<\/ul>\n<\/div>\n<\/li>\n<li>\n<h3>Umzugspaket III<\/h3>\n<p> (3 bis 4-Zimmer-Wohnung)<\/p>\n<div>\n<ul>\n<li>75 Umzugskartons (Profi)<\/li>\n<li>2 Rollen Klebeband<\/li>\n<li>2 Rollen Luftpolsterfolie<\/li>\n<li>1 Rolle Luftpolsterfolie<\/li>\n<li>5 kg Packseide<\/li>\n<li>Matratzenh\u00fcllen<\/li>\n<\/ul>\n<\/div>\n<\/li>\n<li>\n<h3>Umzugspaket IV<\/h3>\n<p>(4 bis 5-Zimmer-Wohnung + H\u00e4user)<\/p>\n<div>\n<ul>\n<li>120 Umzugskartons (Profi)<\/li>\n<li>3 Rollen Klebeband<\/li>\n<li>1 Rolle Klebeband ( Bruchgefahr )<\/li>\n<li>3 Rollen Luftpolsterfolie<\/li>\n<li>2 Rolle Luftpolsterfolie<\/li>\n<li>8 kg Packseide<\/li>\n<li>Matratzenh\u00fcllen<\/li>\n<\/ul>\n<\/div>\n<\/li>\n<\/ul>\n<p><!--more--><br \/>\n<!-- {\"name\":\"CHARA REGION\",\"type\":\"layout\",\"children\":[{\"type\":\"section\",\"props\":{\"style\":\"default\",\"width\":\"default\",\"vertical_align\":\"middle\",\"title_position\":\"top-left\",\"title_rotation\":\"left\",\"title_breakpoint\":\"xl\",\"image_position\":\"center-center\",\"image\":\"wp-content\\\/uploads\\\/2022\\\/02\\\/Niedersachsen.jpg\",\"image_size\":\"cover\"},\"children\":[{\"type\":\"row\",\"props\":{\"layout\":\"1-2,1-2\"},\"children\":[{\"type\":\"column\",\"props\":{\"image_position\":\"center-center\",\"media_overlay_gradient\":\"\",\"width_medium\":\"1-2\"},\"children\":[]},{\"type\":\"column\",\"props\":{\"image_position\":\"center-center\",\"media_overlay_gradient\":\"\",\"width_medium\":\"1-2\",\"style\":\"primary\"},\"children\":[{\"type\":\"headline\",\"props\":{\"title_element\":\"h1\",\"content\":\"Ihr kostenloses und unverbindliches Umzugsangebot\"}},{\"type\":\"html\",\"props\":{\"content\":\"[contact-form-7 id=\\\"26\\\" title=\\\"Angebot\\\"]\"}}]}]}]},{\"type\":\"section\",\"props\":{\"style\":\"default\",\"width\":\"default\",\"vertical_align\":\"middle\",\"title_position\":\"top-left\",\"title_rotation\":\"left\",\"title_breakpoint\":\"xl\",\"image_position\":\"center-center\"},\"children\":[{\"type\":\"row\",\"children\":[{\"type\":\"column\",\"props\":{\"image_position\":\"center-center\",\"media_overlay_gradient\":\"\"},\"children\":[{\"type\":\"headline\",\"props\":{\"title_element\":\"h1\",\"content\":\"Sie planen einen Umzug nach\\\/in Niedersachsen ? -  \"}},{\"type\":\"text\",\"props\":{\"margin\":\"default\",\"column_breakpoint\":\"m\",\"content\":\"\n\n<p>Dann sollten Sie sich einen verl\\u00e4sslichen Partner an die Seite holen, der Ihr Vorhaben reibungslos abwickelt. Wie gut, dass Sie zu uns gefunden haben! Unsere erfahrenen, tatkr\\u00e4ftigen Mitarbeiter f\\u00fchren Ihren Umzug in Bayrischen Landeshauptstadt <strong> <\\\/strong> zu Ihrer kompletten Zufriedenheit durch. Vertrauen Sie dabei auf unsere langj\\u00e4hrige Erfahrung als Umzugsfirma f\\u00fcr private und gewerbliche Kunden!<\\\/p>\"}},{\"type\":\"list\",\"props\":{\"show_image\":true,\"show_link\":true,\"list_element\":\"ul\",\"column_breakpoint\":\"m\",\"image_svg_color\":\"emphasis\",\"image_align\":\"left\",\"image_vertical_align\":true,\"list_marker\":\"bullet\",\"list_size\":\"large\",\"content_style\":\"h5\"},\"children\":[{\"type\":\"list_item\",\"props\":{\"content\":\"bietet kompetentes, diskretes und freundliches Personal, das sorgf\\u00e4ltig mit Ihrem Hab und Gut umgeht.\\n\"}},{\"type\":\"list_item\",\"props\":{\"content\":\"arbeitet nicht von der Stange, sondern organisiert Ihren Umzug Ma\\u00df geschneidert: auf W\\u00fcnsche wird ganz individuell auf die Umzugs-Anforderungen unserer Kunden eingegangen\"}},{\"type\":\"list_item\",\"props\":{\"content\":\"hat ein unschlagbares gutes Preis und Leistung\"}}]},{\"type\":\"text\",\"props\":{\"margin\":\"default\",\"column_breakpoint\":\"m\",\"content\":\"\n\n<h3><strong>Verpackungsmaterialien-Umzugsmaterialen..?<\\\/strong><\\\/h3>\\n\n\n<p>Wir bieten Ihnen alle Verpackungsmaterialien, die Sie f\\u00fcr einen sicheren Umzug Ihrer G\\u00fcter ben\\u00f6tigen an: Umzugskartons, B\\u00fccherkartons, Seidenpapier, Klebeb\\u00e4nder, Luftpolsterfolien, Matratzenh\\u00fcllen, Umzugsdecken.<\\\/p>\"}},{\"type\":\"grid\",\"props\":{\"show_title\":true,\"show_meta\":true,\"show_content\":true,\"show_image\":true,\"show_link\":true,\"grid_default\":\"1\",\"grid_medium\":\"2\",\"filter_style\":\"tab\",\"filter_all\":true,\"filter_position\":\"top\",\"filter_align\":\"left\",\"filter_grid_width\":\"auto\",\"filter_grid_breakpoint\":\"m\",\"title_hover_style\":\"reset\",\"title_element\":\"h3\",\"title_align\":\"top\",\"title_grid_width\":\"1-2\",\"title_grid_breakpoint\":\"m\",\"meta_style\":\"h6\",\"meta_align\":\"below-title\",\"meta_element\":\"h6\",\"content_column_breakpoint\":\"m\",\"icon_width\":80,\"image_align\":\"top\",\"image_grid_width\":\"1-2\",\"image_grid_breakpoint\":\"m\",\"image_svg_color\":\"emphasis\",\"link_text\":\"Read more\",\"link_style\":\"default\",\"margin\":\"default\",\"item_animation\":true,\"grid_small\":\"2\",\"grid_masonry\":false,\"grid_divider\":true,\"filter\":false,\"panel_style\":\"card-primary\",\"meta_margin\":\"remove\"},\"children\":[{\"type\":\"grid_item\",\"props\":{\"title\":\"Umzugspaket I\",\"meta\":\"(1 bis 2-Zimmer-Wohnung)\",\"content\":\"\n\n<ul>\\n\n\n<li>20 Umzugskartons (Profi)<\\\/li>\\n\n\n<li>1 Rolle Klebeband<\\\/li>\\n\n\n<li>1 Rolle Luftpolsterfolie<\\\/li>\\n\n\n<li>1 kg Packseide<\\\/li>\\n\n\n<li>Matratzenh\\u00fcllen<\\\/li>\\n<\\\/ul>\"}},{\"type\":\"grid_item\",\"props\":{\"title\":\"Umzugspaket II\",\"content\":\"\n\n<ul>\\n\n\n<li>40 Umzugskartons (Profi)<\\\/li>\\n\n\n<li>1 Rolle Klebeband<\\\/li>\\n\n\n<li>2 Rollen Luftpolsterfolie<\\\/li>\\n\n\n<li>2 kg Packseide<\\\/li>\\n\n\n<li>Matratzenh\\u00fcllen<\\\/li>\\n<\\\/ul>\",\"meta\":\"(2 bis 3-Zimmer-Wohnung)\"}},{\"type\":\"grid_item\",\"props\":{\"title\":\"Umzugspaket III\",\"meta\":\" (3 bis 4-Zimmer-Wohnung)\",\"content\":\"\n\n<ul>\\n\n\n<li>75 Umzugskartons (Profi)<\\\/li>\\n\n\n<li>2 Rollen Klebeband<\\\/li>\\n\n\n<li>2 Rollen Luftpolsterfolie<\\\/li>\\n\n\n<li>1 Rolle Luftpolsterfolie<\\\/li>\\n\n\n<li>5 kg Packseide<\\\/li>\\n\n\n<li>Matratzenh\\u00fcllen<\\\/li>\\n<\\\/ul>\"}},{\"type\":\"grid_item\",\"props\":{\"title\":\"Umzugspaket IV\",\"meta\":\"(4 bis 5-Zimmer-Wohnung + H\\u00e4user)\",\"content\":\"\n\n<ul>\\n\n\n<li>120 Umzugskartons (Profi)<\\\/li>\\n\n\n<li>3 Rollen Klebeband<\\\/li>\\n\n\n<li>1 Rolle Klebeband ( Bruchgefahr )<\\\/li>\\n\n\n<li>3 Rollen Luftpolsterfolie<\\\/li>\\n\n\n<li>2 Rolle Luftpolsterfolie<\\\/li>\\n\n\n<li>8 kg Packseide<\\\/li>\\n\n\n<li>Matratzenh\\u00fcllen<\\\/li>\\n<\\\/ul>\"}}]}]}]}]}],\"version\":\"2.6.9\"} --><\/p>\n","protected":false},"excerpt":{"rendered":"<p>Ihr kostenloses und unverbindliches Umzugsangebot Sie planen einen Umzug nach\/in Niedersachsen ? &#8211; Dann sollten Sie sich einen verl\u00e4sslichen Partner an die Seite holen, der Ihr Vorhaben reibungslos abwickelt. Wie gut, dass Sie zu uns gefunden haben! Unsere erfahrenen, tatkr\u00e4ftigen Mitarbeiter f\u00fchren Ihren Umzug in Bayrischen Landeshauptstadt zu Ihrer kompletten Zufriedenheit durch. Vertrauen Sie dabei [&hellip;]<\/p>\n","protected":false},"author":1,"featured_media":0,"parent":0,"menu_order":0,"comment_status":"closed","ping_status":"closed","template":"","meta":{"footnotes":""},"class_list":["post-602","page","type-page","status-publish","hentry"],"_links":{"self":[{"href":"https:\/\/chara-umzuege.de\/index.php?rest_route=\/wp\/v2\/pages\/602","targetHints":{"allow":["GET"]}}],"collection":[{"href":"https:\/\/chara-umzuege.de\/index.php?rest_route=\/wp\/v2\/pages"}],"about":[{"href":"https:\/\/chara-umzuege.de\/index.php?rest_route=\/wp\/v2\/types\/page"}],"author":[{"embeddable":true,"href":"https:\/\/chara-umzuege.de\/index.php?rest_route=\/wp\/v2\/users\/1"}],"replies":[{"embeddable":true,"href":"https:\/\/chara-umzuege.de\/index.php?rest_route=%2Fwp%2Fv2%2Fcomments&post=602"}],"version-history":[{"count":5,"href":"https:\/\/chara-umzuege.de\/index.php?rest_route=\/wp\/v2\/pages\/602\/revisions"}],"predecessor-version":[{"id":753,"href":"https:\/\/chara-umzuege.de\/index.php?rest_route=\/wp\/v2\/pages\/602\/revisions\/753"}],"wp:attachment":[{"href":"https:\/\/chara-umzuege.de\/index.php?rest_route=%2Fwp%2Fv2%2Fmedia&parent=602"}],"curies":[{"name":"wp","href":"https:\/\/api.w.org\/{rel}","templated":true}]}}