{"id":630,"date":"2022-02-06T18:41:07","date_gmt":"2022-02-06T18:41:07","guid":{"rendered":"https:\/\/chara-umzuege.de\/?page_id=630"},"modified":"2023-02-12T14:54:37","modified_gmt":"2023-02-12T14:54:37","slug":"umzuege-dresden","status":"publish","type":"page","link":"https:\/\/chara-umzuege.de\/?page_id=630","title":{"rendered":"Umz\u00fcge Dresden"},"content":{"rendered":"<p><a href=\"https:\/\/chara-umzuege.de\/\"><img decoding=\"async\" src=\"\/wp-content\/uploads\/2023\/01\/LOGO2b.svg\" alt=\"\"><\/a><\/p>\n<h1>Ihr kostenloses und unverbindliches Umzugsangebot<\/h1>\n<div>\n\n<div class=\"wpcf7 no-js\" id=\"wpcf7-f26-o1\" lang=\"de-DE\" dir=\"ltr\" data-wpcf7-id=\"26\">\n<div class=\"screen-reader-response\"><p role=\"status\" aria-live=\"polite\" aria-atomic=\"true\"><\/p> <ul><\/ul><\/div>\n<form action=\"\/index.php?rest_route=%2Fwp%2Fv2%2Fpages%2F630#wpcf7-f26-o1\" method=\"post\" class=\"wpcf7-form init\" aria-label=\"Kontaktformular\" novalidate=\"novalidate\" data-status=\"init\">\n<fieldset class=\"hidden-fields-container\"><input type=\"hidden\" name=\"_wpcf7\" value=\"26\" \/><input type=\"hidden\" name=\"_wpcf7_version\" value=\"6.1.5\" \/><input type=\"hidden\" name=\"_wpcf7_locale\" value=\"de_DE\" \/><input type=\"hidden\" name=\"_wpcf7_unit_tag\" value=\"wpcf7-f26-o1\" \/><input type=\"hidden\" name=\"_wpcf7_container_post\" value=\"0\" \/><input type=\"hidden\" name=\"_wpcf7_posted_data_hash\" value=\"\" \/><input type=\"hidden\" name=\"_wpcf7_recaptcha_response\" value=\"\" \/>\n<\/fieldset>\n<div class=\"uk-margin uk-text-lead\">\n\t<p>Auszugadresse<br \/>\n      \n        <div class=\"wpcf7-form-control-wrap-main gmautocomplete-750\">\n\t\t\t<span class=\"wpcf7-form-control-wrap\" data-name=\"gmautocomplete-750\">\n    <div id=\"gmautocomplete-750_autocomplete_wrapper\"><\/div>\n    <input \n        size=\"40\" class=\"wpcf7-form-control wpcf7-gmautocomplete wpcf7-validates-as-required gmautocomplete uk-input\" aria-required=\"true\" aria-invalid=\"false\" placeholder=\"Enter a location\" type=\"text\" name=\"gmautocomplete-750\"        style=\"position:absolute;opacity:0;pointer-events:none;height:0;width:0;border:0;padding:0;\"\n        autocomplete=\"off\"\n    \/>\n    <\/span>\n\n\t\t\t\n\t\t\t\n\t\t\t\n\t\t\t\n\t\t\t\n\t\t\t\t\t<\/div>\n\n        \n\t<\/p>\n<\/div>\n<div class=\"uk-margin  uk-text-lead\">\n\t<p>Einzugsadresse<br \/>\n      \n        <div class=\"wpcf7-form-control-wrap-main gmautocomplete-693\">\n\t\t\t<span class=\"wpcf7-form-control-wrap\" data-name=\"gmautocomplete-693\">\n    <div id=\"gmautocomplete-693_autocomplete_wrapper\"><\/div>\n    <input \n        size=\"40\" class=\"wpcf7-form-control wpcf7-gmautocomplete wpcf7-validates-as-required gmautocomplete uk-input\" aria-required=\"true\" aria-invalid=\"false\" placeholder=\"Enter a location\" type=\"text\" name=\"gmautocomplete-693\"        style=\"position:absolute;opacity:0;pointer-events:none;height:0;width:0;border:0;padding:0;\"\n        autocomplete=\"off\"\n    \/>\n    <\/span>\n\n\t\t\t\n\t\t\t\n\t\t\t\n\t\t\t\n\t\t\t\n\t\t\t\t\t<\/div>\n\n        \n\t<\/p>\n<\/div>\n<div class=\"uk-margin  uk-text-lead\">\n\t<p>Umzugsdatum<br \/>\n<span class=\"wpcf7-form-control-wrap\" data-name=\"date-595\"><input class=\"wpcf7-form-control wpcf7-date wpcf7-validates-as-required wpcf7-validates-as-date uk-input\" min=\"2021-10-14\" aria-required=\"true\" aria-invalid=\"false\" placeholder=\"Umzugdatum\" value=\"\" type=\"date\" name=\"date-595\" \/><\/span>\n\t<\/p>\n<\/div>\n<div class=\"uk-margin uk-text-right uk-text-lead\">\n\t<p><span class=\"wpcf7-form-control-wrap\" data-name=\"checkbox-174\"><span class=\"wpcf7-form-control wpcf7-checkbox\"><span class=\"wpcf7-list-item first last\"><label><span class=\"wpcf7-list-item-label\">Flexibles Umzugsdatum<\/span><input type=\"checkbox\" name=\"checkbox-174[]\" value=\"Flexibles Umzugsdatum\" \/><\/label><\/span><\/span><\/span>?\n\t<\/p>\n<\/div>\n<div class=\"uk-margin  uk-text-lead\">\n\t<p><span class=\"wpcf7-form-control-wrap\" data-name=\"text-907\"><input size=\"40\" maxlength=\"400\" class=\"wpcf7-form-control wpcf7-text wpcf7-validates-as-required uk-input\" aria-required=\"true\" aria-invalid=\"false\" placeholder=\"Ihre Name\" value=\"\" type=\"text\" name=\"text-907\" \/><\/span>\n\t<\/p>\n\t<div class=\"uk-margin  uk-text-lead\">\n\t\t<p><span class=\"wpcf7-form-control-wrap\" data-name=\"your-email\"><input size=\"40\" maxlength=\"400\" class=\"wpcf7-form-control wpcf7-email wpcf7-validates-as-required wpcf7-text wpcf7-validates-as-email uk-input\" aria-required=\"true\" aria-invalid=\"false\" placeholder=\"E-mail:\" value=\"\" type=\"email\" name=\"your-email\" \/><\/span>\n\t\t<\/p>\n\t<\/div>\n\t<div class=\"uk-margin   uk-text-lead\">\n\t\t<p><span class=\"wpcf7-form-control-wrap\" data-name=\"tel-946\"><input size=\"40\" maxlength=\"400\" class=\"wpcf7-form-control wpcf7-tel wpcf7-validates-as-required wpcf7-text wpcf7-validates-as-tel uk-input\" aria-required=\"true\" aria-invalid=\"false\" placeholder=\"Telefonnummer:\" value=\"\" type=\"tel\" name=\"tel-946\" \/><\/span>\n\t\t<\/p>\n\t<\/div>\n\t<div class=\"uk-margin\">\n\t\t<p><span class=\"wpcf7-form-control-wrap\" data-name=\"acceptance-857\"><span class=\"wpcf7-form-control wpcf7-acceptance\"><span class=\"wpcf7-list-item\"><label><input type=\"checkbox\" name=\"acceptance-857\" value=\"1\" aria-invalid=\"false\" \/><span class=\"wpcf7-list-item-label\">Indem Sie ihre Anfrage abschicken stimmen Sie unseren Datenschutzrichtlinien zu.<\/span><\/label><\/span><\/span><\/span>\n\t\t<\/p>\n\t<\/div>\n\t<div class=\"uk-secondary uk-text-contrast uk-text-lead\" style=\"color: #000;\" >\n\t\t<div class=\"uk-hidden\">\n\t\t\t<p>[_remote_ip]\n\t\t\t<\/p>\n\t\t<\/div>\n\t\t<p><input class=\"wpcf7-form-control wpcf7-submit has-spinner uk-button\" type=\"submit\" value=\"Kostenloses Angebot erhalten\" \/>\n\t\t<\/p>\n\t<\/div>\n<\/div><div class=\"wpcf7-response-output\" aria-hidden=\"true\"><\/div>\n<\/form>\n<\/div>\n<\/div>\n<h1>Sie planen einen Umzug nach Dresden? <\/h1>\n<h3>Chara Umz\u00fcge und Transporte &#8211; der zuverl\u00e4ssige Experte f\u00fcr Ihren Umzug nach \/ innerhalb von  Dresden  <\/h3>\n<div>\n<p>Sie suchen ein professionelles Umzugsunternehmen f\u00fcr Ihrem Umzug in Sachsen? Lassen Sie Ihren Umzug jetzt vom Experten erledigen. Seit \u00fcber 7 Jahren f\u00fchrt unsere Firma Chara Umz\u00fcge und Transporte in Sachsen und der Umgebung durch.<\/p>\n<p>Unser freundliches Team arbeitet stets zuverl\u00e4ssig, sorgf\u00e4ltig und motiviert, damit Sie einen stressfreien Umzug in Sachsen genie\u00dfen k\u00f6nnen! Die Zufriedenheit unserer Kunden liegt uns sehr am Herzen &#8211; \u00fcberzeugen Sie sich selbst. <\/p>\n<\/div>\n<h1>Basisinformationen Dresden<\/h1>\n<ul>\n<li>\n<p><a href=\"https:\/\/www.dresden.de\/\" rel=\"nofollow noopener\" target=\"_blank\">Offizielle Seite der Stadt<\/a><\/p>\n<\/li>\n<li>\n<p><a href=\"https:\/\/www.wetterkontor.de\/wetter-vorhersage\/deutschland\/dresden\" rel=\"nofollow noopener\" target=\"_blank\">Das Klima <\/a><\/p>\n<\/li>\n<li>\n<p><a href=\"https:\/\/www.dresden.de\/de\/rathaus\/dienstleistungen\/wohnsitz_meldung_d115.php\" rel=\"nofollow noopener\" target=\"_blank\">Einwohnermeldewesen<\/a><\/p>\n<\/li>\n<li>\n<p><a href=\"https:\/\/www.youtube.com\/watch?v=iEQddT7Ubj8\" rel=\"nofollow noopener\" target=\"_blank\">Die Stadt Dresden  \/ video<\/a><\/p>\n<\/li>\n<\/ul>\n<div>\n<p>        <img decoding=\"async\" src=\"\/wp-content\/uploads\/2023\/01\/LOGO2b.svg\" alt=\"\"><\/p>\n<h5>der zuverl\u00e4ssige Experte f\u00fcr Ihren Umzug in Dresden<\/h5>\n<div>\n <\/div>\n<p><a href=\"tel:0049015781920605\">Tel.: 015781920605<\/a><\/p>\n<\/div>\n<h1>W\u00e4hlen Sie das Umzugspaket, das am Besten zu Ihnen passt &#8230;<\/h1>\n<ul>\n<li>\n<h3>Umzugspaket Gold<\/h3>\n<p>Kostenloses Verpackungsmaterial! <\/p>\n<div>\n<ul>\n<li>Fahrzeug und Kraftstoff<\/li>\n<li>Transport Ihres Umzugsguts<\/li>\n<li>Be- und Entladung<\/li>\n<li>Premiumversicherung<\/li>\n<li>Pers&ouml;nliche Kundenbetreuung<\/li>\n<li>Abbau Ihrer M&ouml;bel<\/li>\n<li>Aufbau Ihrer M&ouml;bel<\/li>\n<li>Packen Ihrer Umzugskartons (15 Kartons)<\/li>\n<\/ul><\/div>\n<\/li>\n<li>\n<h3>Umzugspaket Komfort<\/h3>\n<p>Kostenloses Verpackungsmaterial!<\/p>\n<div>\n<ul>\n<li>Fahrzeug und Kraftstoff<\/li>\n<li>Transport Ihres Umzugsguts<\/li>\n<li>Be- und Entladung<\/li>\n<li>Premiumversicherung<\/li>\n<li>Pers&ouml;nliche Kundenbetreuung<\/li>\n<li>Abbau Ihrer M&ouml;bel<\/li>\n<li>Aufbau Ihrer M&ouml;bel<\/li>\n<\/ul>\n<\/div>\n<\/li>\n<li>\n<h3>Umzugspaket Silber <\/h3>\n<p> Kostenloses Verpackungsmaterial!<\/p>\n<div>\n<ul>\n<li>Fahrzeug und Kraftstoff<\/li>\n<li>Transport Ihres Umzugsguts<\/li>\n<li>Be- und Entladung<\/li>\n<li>Premiumversicherung<\/li>\n<li>Pers&ouml;nliche Kundenbetreuung<\/li>\n<\/ul>\n<\/div>\n<\/li>\n<\/ul>\n<p><!--more--><br \/>\n<!-- {\"type\":\"layout\",\"children\":[{\"type\":\"section\",\"props\":{\"header_transparent\":\"light\",\"image\":\"wp-content\\\/uploads\\\/2023\\\/02\\\/Dresden.jpg\",\"image_position\":\"center-center\",\"image_size\":\"cover\",\"overlap\":false,\"style\":\"default\",\"title_breakpoint\":\"xl\",\"title_position\":\"top-left\",\"title_rotation\":\"left\",\"vertical_align\":\"middle\",\"width\":\"default\"},\"children\":[{\"type\":\"row\",\"props\":{\"layout\":\"1-2,1-2\"},\"children\":[{\"type\":\"column\",\"props\":{\"image_position\":\"center-center\",\"media_overlay_gradient\":\"\",\"position_sticky_breakpoint\":\"m\",\"width_medium\":\"1-2\"},\"children\":[{\"type\":\"image\",\"props\":{\"image\":\"wp-content\\\/uploads\\\/2023\\\/01\\\/LOGO2b.svg\",\"image_height\":\"200\",\"image_svg_color\":\"secondary\",\"image_svg_inline\":false,\"link\":\"https:\\\/\\\/chara-umzuege.de\\\/\",\"margin\":\"default\"},\"name\":\"LOGO\"}]},{\"type\":\"column\",\"props\":{\"image_position\":\"center-center\",\"media_overlay_gradient\":\"\",\"position_sticky_breakpoint\":\"m\",\"style\":\"primary\",\"width_medium\":\"1-2\"},\"children\":[{\"type\":\"headline\",\"props\":{\"content\":\"Ihr kostenloses und unverbindliches Umzugsangebot\",\"title_element\":\"h1\"}},{\"type\":\"html\",\"props\":{\"content\":\"[contact-form-7 id=\\\"26\\\" title=\\\"Angebot\\\"]\"}}]}]}]},{\"type\":\"section\",\"props\":{\"image_position\":\"center-center\",\"style\":\"default\",\"title_breakpoint\":\"xl\",\"title_position\":\"top-left\",\"title_rotation\":\"left\",\"vertical_align\":\"middle\",\"width\":\"default\"},\"children\":[{\"type\":\"row\",\"children\":[{\"type\":\"column\",\"props\":{\"image_position\":\"center-center\",\"media_overlay_gradient\":\"\",\"position_sticky_breakpoint\":\"m\",\"width_medium\":\"2-3\"},\"children\":[{\"type\":\"headline\",\"props\":{\"content\":\"Sie planen einen Umzug nach Dresden? \",\"title_element\":\"h1\",\"title_style\":\"heading-medium\"}},{\"type\":\"headline\",\"props\":{\"content\":\"Chara Umz\\u00fcge und Transporte - der zuverl\\u00e4ssige Experte f\\u00fcr Ihren Umzug nach \\\/ innerhalb von  Dresden  \",\"title_element\":\"h3\"}},{\"type\":\"text\",\"props\":{\"column_breakpoint\":\"m\",\"content\":\"\\n\n\n<p>Sie suchen ein professionelles Umzugsunternehmen f\\u00fcr Ihrem Umzug in Sachsen? Lassen Sie Ihren Umzug jetzt vom Experten erledigen. Seit \\u00fcber 7 Jahren f\\u00fchrt unsere Firma Chara Umz\\u00fcge und Transporte in Sachsen und der Umgebung durch.<\\\/p>\n\n<p>\\n\\nUnser freundliches Team arbeitet stets zuverl\\u00e4ssig, sorgf\\u00e4ltig und motiviert, damit Sie einen stressfreien Umzug in Sachsen genie\\u00dfen k\\u00f6nnen! Die Zufriedenheit unserer Kunden liegt uns sehr am Herzen - \\u00fcberzeugen Sie sich selbst. <\\\/p>\",\"margin\":\"default\"}},{\"type\":\"headline\",\"props\":{\"content\":\"Basisinformationen Dresden\",\"title_element\":\"h1\"}},{\"type\":\"nav\",\"props\":{\"grid\":\"1\",\"image_vertical_align\":true,\"nav_style\":\"primary\",\"show_image\":true,\"show_meta\":true},\"children\":[{\"type\":\"nav_item\",\"props\":{\"content\":\"Offizielle Seite der Stadt\",\"link\":\"https:\\\/\\\/www.dresden.de\\\/\",\"link_target\":true}},{\"type\":\"nav_item\",\"props\":{\"content\":\"Das Klima \",\"link\":\"https:\\\/\\\/www.wetterkontor.de\\\/wetter-vorhersage\\\/deutschland\\\/dresden\",\"link_target\":true}},{\"type\":\"nav_item\",\"props\":{\"content\":\"Einwohnermeldewesen\",\"link\":\"https:\\\/\\\/www.dresden.de\\\/de\\\/rathaus\\\/dienstleistungen\\\/wohnsitz_meldung_d115.php\",\"link_target\":true}},{\"type\":\"nav_item\",\"props\":{\"content\":\"Die Stadt Dresden  \\\/ video\",\"link\":\"https:\\\/\\\/www.youtube.com\\\/watch?v=iEQddT7Ubj8\"}}]}]},{\"type\":\"column\",\"props\":{\"image_position\":\"center-center\",\"media_overlay_gradient\":\"\",\"position_sticky_breakpoint\":\"m\",\"width_medium\":\"1-3\"},\"children\":[{\"type\":\"panel\",\"props\":{\"content\":\"\\n \",\"content_column_breakpoint\":\"m\",\"icon_width\":80,\"image\":\"wp-content\\\/uploads\\\/2023\\\/01\\\/LOGO2b.svg\",\"image_align\":\"top\",\"image_grid_breakpoint\":\"m\",\"image_grid_width\":\"1-2\",\"image_loading\":true,\"image_svg_color\":\"emphasis\",\"image_svg_inline\":false,\"link\":\"tel:0049015781920605\",\"link_fullwidth\":true,\"link_margin\":\"small\",\"link_size\":\"large\",\"link_style\":\"secondary\",\"link_text\":\"Tel.: 015781920605\",\"margin\":\"xlarge\",\"margin_remove_top\":true,\"meta_align\":\"below-title\",\"meta_element\":\"div\",\"meta_style\":\"text-meta\",\"panel_padding\":\"default\",\"panel_style\":\"tile-secondary\",\"title\":\"der zuverl\\u00e4ssige Experte f\\u00fcr Ihren Umzug in Dresden\",\"title_align\":\"top\",\"title_decoration\":\"line\",\"title_element\":\"h5\",\"title_grid_breakpoint\":\"m\",\"title_grid_width\":\"1-2\",\"title_hover_style\":\"reset\",\"title_style\":\"h5\"}}]}],\"props\":{\"layout\":\"2-3,1-3\"}}]},{\"type\":\"section\",\"props\":{\"image_position\":\"center-center\",\"style\":\"primary\",\"title_breakpoint\":\"xl\",\"title_position\":\"top-left\",\"title_rotation\":\"left\",\"vertical_align\":\"middle\",\"width\":\"default\"},\"children\":[{\"type\":\"row\",\"children\":[{\"type\":\"column\",\"props\":{\"image_position\":\"center-center\",\"media_overlay_gradient\":\"\",\"position_sticky_breakpoint\":\"m\"},\"children\":[{\"type\":\"headline\",\"props\":{\"content\":\"W\\u00e4hlen Sie das Umzugspaket, das am Besten zu Ihnen passt ...\",\"title_element\":\"h1\"}},{\"type\":\"grid\",\"props\":{\"content_column_breakpoint\":\"m\",\"filter\":false,\"filter_align\":\"left\",\"filter_all\":true,\"filter_grid_breakpoint\":\"m\",\"filter_grid_width\":\"auto\",\"filter_position\":\"top\",\"filter_style\":\"tab\",\"grid_default\":\"1\",\"grid_divider\":true,\"grid_masonry\":false,\"grid_medium\":\"\",\"grid_small\":\"3\",\"icon_width\":80,\"image_align\":\"top\",\"image_grid_breakpoint\":\"m\",\"image_grid_width\":\"1-2\",\"image_svg_color\":\"emphasis\",\"item_animation\":true,\"link_style\":\"default\",\"link_text\":\"Read more\",\"margin\":\"default\",\"meta_align\":\"below-content\",\"meta_color\":\"emphasis\",\"meta_element\":\"h3\",\"meta_margin\":\"large\",\"meta_style\":\"h4\",\"panel_padding\":\"default\",\"panel_style\":\"tile-secondary\",\"parallax_easing\":\"1\",\"show_content\":true,\"show_image\":true,\"show_link\":true,\"show_meta\":true,\"show_title\":true,\"title_align\":\"top\",\"title_element\":\"h3\",\"title_grid_breakpoint\":\"m\",\"title_grid_width\":\"1-2\",\"title_hover_style\":\"reset\"},\"children\":[{\"type\":\"grid_item\",\"props\":{\"content\":\"\n\n<ul>\\n\n\n<li>Fahrzeug und Kraftstoff<\\\/li>\\n\n\n<li>Transport Ihres Umzugsguts<\\\/li>\\n\n\n<li>Be- und Entladung<\\\/li>\\n\n\n<li>Premiumversicherung<\\\/li>\\n\n\n<li>Pers&ouml;nliche Kundenbetreuung<\\\/li>\\n\n\n<li>Abbau Ihrer M&ouml;bel<\\\/li>\\n\n\n<li>Aufbau Ihrer M&ouml;bel<\\\/li>\\n\n\n<li>Packen Ihrer Umzugskartons (15 Kartons)<\\\/li>\\n<\\\/ul>\\n \",\"icon\":\"world\",\"meta\":\"Kostenloses Verpackungsmaterial! \",\"title\":\"Umzugspaket Gold\"}},{\"type\":\"grid_item\",\"props\":{\"content\":\"\n\n<ul>\\n\n\n<li>Fahrzeug und Kraftstoff<\\\/li>\\n\n\n<li>Transport Ihres Umzugsguts<\\\/li>\\n\n\n<li>Be- und Entladung<\\\/li>\\n\n\n<li>Premiumversicherung<\\\/li>\\n\n\n<li>Pers&ouml;nliche Kundenbetreuung<\\\/li>\\n\n\n<li>Abbau Ihrer M&ouml;bel<\\\/li>\\n\n\n<li>Aufbau Ihrer M&ouml;bel<\\\/li>\\n<\\\/ul>\",\"icon\":\"heart\",\"meta\":\"Kostenloses Verpackungsmaterial!\",\"panel_style\":\"tile-secondary\",\"title\":\"Umzugspaket Komfort\"}},{\"type\":\"grid_item\",\"props\":{\"content\":\"\n\n<ul>\\n\n\n<li>Fahrzeug und Kraftstoff<\\\/li>\\n\n\n<li>Transport Ihres Umzugsguts<\\\/li>\\n\n\n<li>Be- und Entladung<\\\/li>\\n\n\n<li>Premiumversicherung<\\\/li>\\n\n\n<li>Pers&ouml;nliche Kundenbetreuung<\\\/li>\\n\\n<\\\/ul>\",\"icon\":\"bolt\",\"meta\":\" Kostenloses Verpackungsmaterial!\",\"title\":\"Umzugspaket Silber \"}}]}]}]}]}],\"version\":\"3.0.20\"} --><\/p>\n","protected":false},"excerpt":{"rendered":"<p>Ihr kostenloses und unverbindliches Umzugsangebot Sie planen einen Umzug nach Dresden? Chara Umz\u00fcge und Transporte &#8211; der zuverl\u00e4ssige Experte f\u00fcr Ihren Umzug nach \/ innerhalb von Dresden Sie suchen ein professionelles Umzugsunternehmen f\u00fcr Ihrem Umzug in Sachsen? Lassen Sie Ihren Umzug jetzt vom Experten erledigen. Seit \u00fcber 7 Jahren f\u00fchrt unsere Firma Chara Umz\u00fcge und [&hellip;]<\/p>\n","protected":false},"author":1,"featured_media":0,"parent":628,"menu_order":0,"comment_status":"closed","ping_status":"closed","template":"","meta":{"footnotes":""},"class_list":["post-630","page","type-page","status-publish","hentry"],"_links":{"self":[{"href":"https:\/\/chara-umzuege.de\/index.php?rest_route=\/wp\/v2\/pages\/630","targetHints":{"allow":["GET"]}}],"collection":[{"href":"https:\/\/chara-umzuege.de\/index.php?rest_route=\/wp\/v2\/pages"}],"about":[{"href":"https:\/\/chara-umzuege.de\/index.php?rest_route=\/wp\/v2\/types\/page"}],"author":[{"embeddable":true,"href":"https:\/\/chara-umzuege.de\/index.php?rest_route=\/wp\/v2\/users\/1"}],"replies":[{"embeddable":true,"href":"https:\/\/chara-umzuege.de\/index.php?rest_route=%2Fwp%2Fv2%2Fcomments&post=630"}],"version-history":[{"count":38,"href":"https:\/\/chara-umzuege.de\/index.php?rest_route=\/wp\/v2\/pages\/630\/revisions"}],"predecessor-version":[{"id":1871,"href":"https:\/\/chara-umzuege.de\/index.php?rest_route=\/wp\/v2\/pages\/630\/revisions\/1871"}],"up":[{"embeddable":true,"href":"https:\/\/chara-umzuege.de\/index.php?rest_route=\/wp\/v2\/pages\/628"}],"wp:attachment":[{"href":"https:\/\/chara-umzuege.de\/index.php?rest_route=%2Fwp%2Fv2%2Fmedia&parent=630"}],"curies":[{"name":"wp","href":"https:\/\/api.w.org\/{rel}","templated":true}]}}